{"id":504,"date":"2014-03-25T14:22:24","date_gmt":"2014-03-25T13:22:24","guid":{"rendered":"http:\/\/media-trade.si\/orodje\/?page_id=504"},"modified":"2014-03-25T14:22:24","modified_gmt":"2014-03-25T13:22:24","slug":"sc-7000z","status":"publish","type":"page","link":"https:\/\/media-trade.si\/orodje\/sc-7000z\/","title":{"rendered":"SC-7000Z"},"content":{"rendered":"<p><em>\u010clanek iz revije Svet elektronike:<\/em><\/p>\n<p>\u010ce morate vsake toliko \u010dasa odspajkati kak\u0161en \u010dip iz tiskanine, ste verjetno \u017ee na\u0161li na\u010din, kako to najla\u017eje naredite. \u010ce je takih posegov ve\u010d, pa opravilo postane prava mora brez primernega orodja. In\u00a0<strong>SC-7000\u00a0<\/strong>je primerno orodje za tiste, ki si ne morete privo\u0161\u010diti prave proizvodne linije za sestavljanje, spajkanje in odspajkovanje vezij na tiskaninah. Orodje je ekonomi\u010dna a u\u010dinkovita re\u0161itev za servisne in vzdr\u017eevalne delavnice ter v koli\u010dinsko manj\u0161i proizvodnji. Videti je, da to orodje ponuja ravno pravo me\u0161anico zmogljivosti za vsa opravila od odstranitve komponent tudi iz 12-plastne tiskanine do varne odstranitve\u00a0<strong>SMD<\/strong>\u00a0elementov.<\/p>\n<div class=\"column_one_half\"><p><\/p>\n<div class=\"thumb left no_overlay\" style=\"width:100%; height:auto; margin-bottom:0px;\"><img decoding=\"async\" width=\"100%\" src=\"http:\/\/www.media-trade.si\/orodje\/images\/sc7000z.jpg\" alt=\"\" class=\"lazy\" \/><\/div>\n<\/p>\n\n<\/div>\n<div class=\"column_one_half last\">\n<p><strong style=\"line-height: 1.5em;\">Opis:<\/strong><\/p>\n<p><strong>SC-7000<\/strong>\u00a0je ro\u010dni odspajkovalnik v obliki pi\u0161tole. Vse potrebno nosi v svojem ohi\u0161ju iz prevodne plastike (antistati\u010dna za\u0161\u010dita!) in zato ni nikakr\u0161nih dodatnih \u0161katel s \u010drpalko, napajalnikom in podobnim, ki bi zavzemale prostor na \u017ee tako zatrpani delovni mizi. Vgrajena membranska \u010drpalka zagotavlja vakuum 600 mm Hg, ki zado\u0161\u010da za odspajkovanje elementov iz 8-plastnih tiskanin, s predgretjem spodnjega dela pa je mo\u017eno odspajkovanje celo iz 12-plastnih tiskanin. \u010crpalka se aktivira s pritiskom stikala na mestu spro\u017eilca, svoj maksimum pa dose\u017ee v 200 ms. Grelna konica ima na svoji sredini luknjico, skozi katero se vsrka spajka. Obstaja ve\u010d vrst grelnih konic z razli\u010dno obliko in razli\u010dnim premerom luknjice, s \u010dimer lahko uporabnik prilagodi svoje orodje razli\u010dnim zahtevnostim tiskanine in drugim posebnostim. Standardna konica je dolga 12.5 mm in ima luknjico premera 1 mm. Konica se segreva s pomo\u010djo kerami\u010dnega grelca mo\u010di 100 W, regulator pa poskrbi za stabilno temperaturo, nastavljivo v obmo\u010dju med 300 in 400\u00b0C. Filterski vlo\u017eek prepre\u010duje onesna\u017eenje \u010drpalke z ostanki spajke. Oblika filterskega vlo\u017eka omogo\u010da njegovo dolgo \u017eivljenjsko dobo ter enostavno odstranitev zaradi \u010di\u0161\u010denja ali zamenjave. Orodje je priro\u010dno in enostavno za uporabo. Uporabnik nastavi grelno konico na mesto spoja, da segreje spajko, in ko je spajka stopljena, pritisnite na spro\u017eilec, da jo posesa. Odstranjevanje komponent iz vezja na tak na\u010din je hitro in u\u010dinkovito.<\/p>\n\n<\/div><div style=\"clear:both;\"><\/div>\n<p><strong>Odstranjevanje SMD komponent:<\/strong><\/p>\n<p>Opcijski dodatek k orodju omogo\u010da tudi u\u010dinkovito odstranjevanje\u00a0<strong>SMD<\/strong>\u00a0komponent. Uporabnik v ta namen s prilo\u017eenim klju\u010dem zamenja grelno konico s konico za vro\u010d zrak in vstavi \u010dist filterski vlo\u017eek. S preklopnikom na ohi\u0161ju pi\u0161tole \u010drpalka spremeni delovanje iz sesanja v ustvarjanje nadtlaka. Orodje se na ta na\u010din spremeni v pihalnik vro\u010dega zraka (15 l\/min), s katerim uporabnik brezkontaktno segreva prispajkane kontakte\u00a0<strong>SMD<\/strong>\u00a0komponente toliko casa, da spajke popustijo. S prilo\u017eeno \u017eico, ki jo vstavi pod komponento, le-to odstrani iz vezja. Postopek je enostaven, z nekaj prakse pa je mo\u017eno odspajkati posamezne priklju\u010dke\u00a0<strong>SMD<\/strong>\u00a0komponente ali pa celotno ohi\u0161je integriranega vezja. Poseben vzmetni no\u017e je v pomo\u010d pri odspajkovanju in odstranjevanju\u00a0<strong>PLCC<\/strong>\u00a0podno\u017eij in vezij, kakor tudi \u010dipov, uporov in kondenzatorjev.<\/p>\n","protected":false},"excerpt":{"rendered":"<p>\u010clanek iz revije Svet elektronike: \u010ce morate vsake toliko \u010dasa odspajkati kak\u0161en \u010dip iz tiskanine, ste verjetno \u017ee na\u0161li na\u010din, kako to najla\u017eje naredite. \u010ce je takih posegov ve\u010d, pa opravilo postane prava mora brez primernega orodja. In\u00a0SC-7000\u00a0je primerno orodje za tiste, ki si ne morete privo\u0161\u010diti prave proizvodne linije za sestavljanje, spajkanje in odspajkovanje [&hellip;]<\/p>\n","protected":false},"author":1,"featured_media":0,"parent":0,"menu_order":0,"comment_status":"open","ping_status":"open","template":"page-full-width.php","meta":{"footnotes":""},"_links":{"self":[{"href":"https:\/\/media-trade.si\/orodje\/wp-json\/wp\/v2\/pages\/504"}],"collection":[{"href":"https:\/\/media-trade.si\/orodje\/wp-json\/wp\/v2\/pages"}],"about":[{"href":"https:\/\/media-trade.si\/orodje\/wp-json\/wp\/v2\/types\/page"}],"author":[{"embeddable":true,"href":"https:\/\/media-trade.si\/orodje\/wp-json\/wp\/v2\/users\/1"}],"replies":[{"embeddable":true,"href":"https:\/\/media-trade.si\/orodje\/wp-json\/wp\/v2\/comments?post=504"}],"version-history":[{"count":12,"href":"https:\/\/media-trade.si\/orodje\/wp-json\/wp\/v2\/pages\/504\/revisions"}],"predecessor-version":[{"id":516,"href":"https:\/\/media-trade.si\/orodje\/wp-json\/wp\/v2\/pages\/504\/revisions\/516"}],"wp:attachment":[{"href":"https:\/\/media-trade.si\/orodje\/wp-json\/wp\/v2\/media?parent=504"}],"curies":[{"name":"wp","href":"https:\/\/api.w.org\/{rel}","templated":true}]}}